{"id":184,"date":"2023-02-03T13:58:05","date_gmt":"2023-02-03T15:58:05","guid":{"rendered":"https:\/\/bigdesigner.com.br\/solucoes\/?page_id=184"},"modified":"2023-02-20T19:52:21","modified_gmt":"2023-02-20T21:52:21","slug":"site-para-arquitetos","status":"publish","type":"page","link":"https:\/\/bigdesigner.com.br\/solucoes\/site-para-arquitetos\/","title":{"rendered":"Site para Arquitetos"},"content":{"rendered":"","protected":false},"excerpt":{"rendered":"","protected":false},"author":1,"featured_media":0,"parent":0,"menu_order":0,"comment_status":"closed","ping_status":"open","template":"","meta":[],"yoast_head":"<!-- This site is optimized with the Yoast SEO plugin v20.9 - https:\/\/yoast.com\/wordpress\/plugins\/seo\/ -->\n<title>Site para Arquitetos - AG\u00caNCIA BiG DESIGNER - SEMPRE UMA SOLU\u00c7\u00c3O CRIATIVA<\/title>\n<meta name=\"robots\" content=\"index, follow, max-snippet:-1, max-image-preview:large, max-video-preview:-1\" \/>\n<link rel=\"canonical\" href=\"https:\/\/bigdesigner.com.br\/solucoes\/site-para-arquitetos\/\" \/>\n<meta property=\"og:locale\" content=\"pt_BR\" \/>\n<meta property=\"og:type\" content=\"article\" \/>\n<meta property=\"og:title\" content=\"Site para Arquitetos - AG\u00caNCIA BiG DESIGNER - SEMPRE UMA SOLU\u00c7\u00c3O CRIATIVA\" \/>\n<meta property=\"og:url\" content=\"https:\/\/bigdesigner.com.br\/solucoes\/site-para-arquitetos\/\" \/>\n<meta property=\"og:site_name\" content=\"AG\u00caNCIA BiG DESIGNER - SEMPRE UMA SOLU\u00c7\u00c3O CRIATIVA\" \/>\n<meta property=\"article:publisher\" content=\"https:\/\/www.facebook.com\/agenciabigdesigner\/\" \/>\n<meta property=\"article:modified_time\" content=\"2023-02-20T21:52:21+00:00\" \/>\n<meta name=\"twitter:card\" content=\"summary_large_image\" \/>\n<script type=\"application\/ld+json\" class=\"yoast-schema-graph\">{\"@context\":\"https:\/\/schema.org\",\"@graph\":[{\"@type\":\"WebPage\",\"@id\":\"https:\/\/bigdesigner.com.br\/solucoes\/site-para-arquitetos\/\",\"url\":\"https:\/\/bigdesigner.com.br\/solucoes\/site-para-arquitetos\/\",\"name\":\"Site para Arquitetos - AG\u00caNCIA BiG DESIGNER - SEMPRE UMA SOLU\u00c7\u00c3O CRIATIVA\",\"isPartOf\":{\"@id\":\"https:\/\/bigdesigner.com.br\/solucoes\/#website\"},\"datePublished\":\"2023-02-03T15:58:05+00:00\",\"dateModified\":\"2023-02-20T21:52:21+00:00\",\"breadcrumb\":{\"@id\":\"https:\/\/bigdesigner.com.br\/solucoes\/site-para-arquitetos\/#breadcrumb\"},\"inLanguage\":\"pt-BR\",\"potentialAction\":[{\"@type\":\"ReadAction\",\"target\":[\"https:\/\/bigdesigner.com.br\/solucoes\/site-para-arquitetos\/\"]}]},{\"@type\":\"BreadcrumbList\",\"@id\":\"https:\/\/bigdesigner.com.br\/solucoes\/site-para-arquitetos\/#breadcrumb\",\"itemListElement\":[{\"@type\":\"ListItem\",\"position\":1,\"name\":\"In\u00edcio\",\"item\":\"https:\/\/bigdesigner.com.br\/solucoes\/\"},{\"@type\":\"ListItem\",\"position\":2,\"name\":\"Site para Arquitetos\"}]},{\"@type\":\"WebSite\",\"@id\":\"https:\/\/bigdesigner.com.br\/solucoes\/#website\",\"url\":\"https:\/\/bigdesigner.com.br\/solucoes\/\",\"name\":\"AG\u00caNCIA BiG DESIGNER - SEMPRE UMA SOLU\u00c7\u00c3O CRIATIVA\",\"description\":\"Um site \u00e9 um grande diferencial para sua empresa\",\"publisher\":{\"@id\":\"https:\/\/bigdesigner.com.br\/solucoes\/#organization\"},\"potentialAction\":[{\"@type\":\"SearchAction\",\"target\":{\"@type\":\"EntryPoint\",\"urlTemplate\":\"https:\/\/bigdesigner.com.br\/solucoes\/?s={search_term_string}\"},\"query-input\":\"required name=search_term_string\"}],\"inLanguage\":\"pt-BR\"},{\"@type\":\"Organization\",\"@id\":\"https:\/\/bigdesigner.com.br\/solucoes\/#organization\",\"name\":\"AG\u00caNCIA BiG DESIGNER - SEMPRE UMA SOLU\u00c7\u00c3O CRIATIVA\",\"url\":\"https:\/\/bigdesigner.com.br\/solucoes\/\",\"logo\":{\"@type\":\"ImageObject\",\"inLanguage\":\"pt-BR\",\"@id\":\"https:\/\/bigdesigner.com.br\/solucoes\/#\/schema\/logo\/image\/\",\"url\":\"https:\/\/bigdesigner.com.br\/solucoes\/wp-content\/uploads\/2022\/11\/logo-big-300-mobile.png\",\"contentUrl\":\"https:\/\/bigdesigner.com.br\/solucoes\/wp-content\/uploads\/2022\/11\/logo-big-300-mobile.png\",\"width\":300,\"height\":161,\"caption\":\"AG\u00caNCIA BiG DESIGNER - SEMPRE UMA SOLU\u00c7\u00c3O CRIATIVA\"},\"image\":{\"@id\":\"https:\/\/bigdesigner.com.br\/solucoes\/#\/schema\/logo\/image\/\"},\"sameAs\":[\"https:\/\/www.facebook.com\/agenciabigdesigner\/\",\"https:\/\/www.instagram.com\/agenciabigdesigner\/\"]}]}<\/script>\n<!-- \/ Yoast SEO plugin. -->","yoast_head_json":{"title":"Site para Arquitetos - AG\u00caNCIA BiG DESIGNER - SEMPRE UMA SOLU\u00c7\u00c3O CRIATIVA","robots":{"index":"index","follow":"follow","max-snippet":"max-snippet:-1","max-image-preview":"max-image-preview:large","max-video-preview":"max-video-preview:-1"},"canonical":"https:\/\/bigdesigner.com.br\/solucoes\/site-para-arquitetos\/","og_locale":"pt_BR","og_type":"article","og_title":"Site para Arquitetos - AG\u00caNCIA BiG DESIGNER - SEMPRE UMA SOLU\u00c7\u00c3O CRIATIVA","og_url":"https:\/\/bigdesigner.com.br\/solucoes\/site-para-arquitetos\/","og_site_name":"AG\u00caNCIA BiG DESIGNER - SEMPRE UMA SOLU\u00c7\u00c3O CRIATIVA","article_publisher":"https:\/\/www.facebook.com\/agenciabigdesigner\/","article_modified_time":"2023-02-20T21:52:21+00:00","twitter_card":"summary_large_image","schema":{"@context":"https:\/\/schema.org","@graph":[{"@type":"WebPage","@id":"https:\/\/bigdesigner.com.br\/solucoes\/site-para-arquitetos\/","url":"https:\/\/bigdesigner.com.br\/solucoes\/site-para-arquitetos\/","name":"Site para Arquitetos - AG\u00caNCIA BiG DESIGNER - SEMPRE UMA SOLU\u00c7\u00c3O CRIATIVA","isPartOf":{"@id":"https:\/\/bigdesigner.com.br\/solucoes\/#website"},"datePublished":"2023-02-03T15:58:05+00:00","dateModified":"2023-02-20T21:52:21+00:00","breadcrumb":{"@id":"https:\/\/bigdesigner.com.br\/solucoes\/site-para-arquitetos\/#breadcrumb"},"inLanguage":"pt-BR","potentialAction":[{"@type":"ReadAction","target":["https:\/\/bigdesigner.com.br\/solucoes\/site-para-arquitetos\/"]}]},{"@type":"BreadcrumbList","@id":"https:\/\/bigdesigner.com.br\/solucoes\/site-para-arquitetos\/#breadcrumb","itemListElement":[{"@type":"ListItem","position":1,"name":"In\u00edcio","item":"https:\/\/bigdesigner.com.br\/solucoes\/"},{"@type":"ListItem","position":2,"name":"Site para Arquitetos"}]},{"@type":"WebSite","@id":"https:\/\/bigdesigner.com.br\/solucoes\/#website","url":"https:\/\/bigdesigner.com.br\/solucoes\/","name":"AG\u00caNCIA BiG DESIGNER - SEMPRE UMA SOLU\u00c7\u00c3O CRIATIVA","description":"Um site \u00e9 um grande diferencial para sua empresa","publisher":{"@id":"https:\/\/bigdesigner.com.br\/solucoes\/#organization"},"potentialAction":[{"@type":"SearchAction","target":{"@type":"EntryPoint","urlTemplate":"https:\/\/bigdesigner.com.br\/solucoes\/?s={search_term_string}"},"query-input":"required name=search_term_string"}],"inLanguage":"pt-BR"},{"@type":"Organization","@id":"https:\/\/bigdesigner.com.br\/solucoes\/#organization","name":"AG\u00caNCIA BiG DESIGNER - SEMPRE UMA SOLU\u00c7\u00c3O CRIATIVA","url":"https:\/\/bigdesigner.com.br\/solucoes\/","logo":{"@type":"ImageObject","inLanguage":"pt-BR","@id":"https:\/\/bigdesigner.com.br\/solucoes\/#\/schema\/logo\/image\/","url":"https:\/\/bigdesigner.com.br\/solucoes\/wp-content\/uploads\/2022\/11\/logo-big-300-mobile.png","contentUrl":"https:\/\/bigdesigner.com.br\/solucoes\/wp-content\/uploads\/2022\/11\/logo-big-300-mobile.png","width":300,"height":161,"caption":"AG\u00caNCIA BiG DESIGNER - SEMPRE UMA SOLU\u00c7\u00c3O CRIATIVA"},"image":{"@id":"https:\/\/bigdesigner.com.br\/solucoes\/#\/schema\/logo\/image\/"},"sameAs":["https:\/\/www.facebook.com\/agenciabigdesigner\/","https:\/\/www.instagram.com\/agenciabigdesigner\/"]}]}},"_links":{"self":[{"href":"https:\/\/bigdesigner.com.br\/solucoes\/wp-json\/wp\/v2\/pages\/184"}],"collection":[{"href":"https:\/\/bigdesigner.com.br\/solucoes\/wp-json\/wp\/v2\/pages"}],"about":[{"href":"https:\/\/bigdesigner.com.br\/solucoes\/wp-json\/wp\/v2\/types\/page"}],"author":[{"embeddable":true,"href":"https:\/\/bigdesigner.com.br\/solucoes\/wp-json\/wp\/v2\/users\/1"}],"replies":[{"embeddable":true,"href":"https:\/\/bigdesigner.com.br\/solucoes\/wp-json\/wp\/v2\/comments?post=184"}],"version-history":[{"count":1,"href":"https:\/\/bigdesigner.com.br\/solucoes\/wp-json\/wp\/v2\/pages\/184\/revisions"}],"predecessor-version":[{"id":185,"href":"https:\/\/bigdesigner.com.br\/solucoes\/wp-json\/wp\/v2\/pages\/184\/revisions\/185"}],"wp:attachment":[{"href":"https:\/\/bigdesigner.com.br\/solucoes\/wp-json\/wp\/v2\/media?parent=184"}],"curies":[{"name":"wp","href":"https:\/\/api.w.org\/{rel}","templated":true}]}}